{"id":5973,"date":"2022-12-20T05:19:06","date_gmt":"2022-12-20T04:19:06","guid":{"rendered":"https:\/\/www.justfoodwestafrica.com\/sirops\/"},"modified":"2022-12-20T05:19:12","modified_gmt":"2022-12-20T04:19:12","slug":"sirops","status":"publish","type":"page","link":"https:\/\/stage.justfoodwestafrica.com\/fr\/sirops\/","title":{"rendered":"Sirops"},"content":{"rendered":"\t\t<div data-elementor-type=\"wp-page\" data-elementor-id=\"5973\" class=\"elementor elementor-5973 elementor-2993\">\n\t\t\t\t\t\t\t\t\t<section class=\"elementor-section elementor-top-section elementor-element elementor-element-34cc6018 elementor-section-height-min-height elementor-section-boxed elementor-section-height-default elementor-section-items-middle\" data-id=\"34cc6018\" data-element_type=\"section\" data-settings=\"{&quot;background_background&quot;:&quot;classic&quot;,&quot;animation&quot;:&quot;none&quot;}\">\n\t\t\t\t\t\t\t<div class=\"elementor-background-overlay\"><\/div>\n\t\t\t\t\t\t\t<div class=\"elementor-container elementor-column-gap-no\">\n\t\t\t\t\t<div class=\"elementor-column elementor-col-100 elementor-top-column elementor-element elementor-element-28d71faa\" data-id=\"28d71faa\" data-element_type=\"column\">\n\t\t\t<div class=\"elementor-widget-wrap elementor-element-populated\">\n\t\t\t\t\t\t\t\t<div class=\"elementor-element elementor-element-e1b23ad elementor-widget elementor-widget-heading\" data-id=\"e1b23ad\" data-element_type=\"widget\" data-widget_type=\"heading.default\">\n\t\t\t\t<div class=\"elementor-widget-container\">\n\t\t\t<style>\/*! elementor - v3.10.0 - 09-01-2023 *\/\n.elementor-heading-title{padding:0;margin:0;line-height:1}.elementor-widget-heading .elementor-heading-title[class*=elementor-size-]>a{color:inherit;font-size:inherit;line-height:inherit}.elementor-widget-heading .elementor-heading-title.elementor-size-small{font-size:15px}.elementor-widget-heading .elementor-heading-title.elementor-size-medium{font-size:19px}.elementor-widget-heading .elementor-heading-title.elementor-size-large{font-size:29px}.elementor-widget-heading .elementor-heading-title.elementor-size-xl{font-size:39px}.elementor-widget-heading .elementor-heading-title.elementor-size-xxl{font-size:59px}<\/style><h1 class=\"elementor-heading-title elementor-size-default\">Sirops<\/h1>\t\t<\/div>\n\t\t\t\t<\/div>\n\t\t\t\t<div class=\"elementor-element elementor-element-7f93ec57 elementor-widget-divider--view-line elementor-widget elementor-widget-divider\" data-id=\"7f93ec57\" data-element_type=\"widget\" data-widget_type=\"divider.default\">\n\t\t\t\t<div class=\"elementor-widget-container\">\n\t\t\t<style>\/*! elementor - v3.10.0 - 09-01-2023 *\/\n.elementor-widget-divider{--divider-border-style:none;--divider-border-width:1px;--divider-color:#2c2c2c;--divider-icon-size:20px;--divider-element-spacing:10px;--divider-pattern-height:24px;--divider-pattern-size:20px;--divider-pattern-url:none;--divider-pattern-repeat:repeat-x}.elementor-widget-divider .elementor-divider{display:flex}.elementor-widget-divider .elementor-divider__text{font-size:15px;line-height:1;max-width:95%}.elementor-widget-divider .elementor-divider__element{margin:0 var(--divider-element-spacing);flex-shrink:0}.elementor-widget-divider .elementor-icon{font-size:var(--divider-icon-size)}.elementor-widget-divider .elementor-divider-separator{display:flex;margin:0;direction:ltr}.elementor-widget-divider--view-line_icon .elementor-divider-separator,.elementor-widget-divider--view-line_text .elementor-divider-separator{align-items:center}.elementor-widget-divider--view-line_icon .elementor-divider-separator:after,.elementor-widget-divider--view-line_icon .elementor-divider-separator:before,.elementor-widget-divider--view-line_text .elementor-divider-separator:after,.elementor-widget-divider--view-line_text .elementor-divider-separator:before{display:block;content:\"\";border-bottom:0;flex-grow:1;border-top:var(--divider-border-width) var(--divider-border-style) var(--divider-color)}.elementor-widget-divider--element-align-left .elementor-divider .elementor-divider-separator>.elementor-divider__svg:first-of-type{flex-grow:0;flex-shrink:100}.elementor-widget-divider--element-align-left .elementor-divider-separator:before{content:none}.elementor-widget-divider--element-align-left .elementor-divider__element{margin-left:0}.elementor-widget-divider--element-align-right .elementor-divider .elementor-divider-separator>.elementor-divider__svg:last-of-type{flex-grow:0;flex-shrink:100}.elementor-widget-divider--element-align-right .elementor-divider-separator:after{content:none}.elementor-widget-divider--element-align-right .elementor-divider__element{margin-right:0}.elementor-widget-divider:not(.elementor-widget-divider--view-line_text):not(.elementor-widget-divider--view-line_icon) .elementor-divider-separator{border-top:var(--divider-border-width) var(--divider-border-style) var(--divider-color)}.elementor-widget-divider--separator-type-pattern{--divider-border-style:none}.elementor-widget-divider--separator-type-pattern.elementor-widget-divider--view-line .elementor-divider-separator,.elementor-widget-divider--separator-type-pattern:not(.elementor-widget-divider--view-line) .elementor-divider-separator:after,.elementor-widget-divider--separator-type-pattern:not(.elementor-widget-divider--view-line) .elementor-divider-separator:before,.elementor-widget-divider--separator-type-pattern:not([class*=elementor-widget-divider--view]) .elementor-divider-separator{width:100%;min-height:var(--divider-pattern-height);-webkit-mask-size:var(--divider-pattern-size) 100%;mask-size:var(--divider-pattern-size) 100%;-webkit-mask-repeat:var(--divider-pattern-repeat);mask-repeat:var(--divider-pattern-repeat);background-color:var(--divider-color);-webkit-mask-image:var(--divider-pattern-url);mask-image:var(--divider-pattern-url)}.elementor-widget-divider--no-spacing{--divider-pattern-size:auto}.elementor-widget-divider--bg-round{--divider-pattern-repeat:round}.rtl .elementor-widget-divider .elementor-divider__text{direction:rtl}.e-con-inner>.elementor-widget-divider,.e-con>.elementor-widget-divider{width:var(--container-widget-width);--flex-grow:var(--container-widget-flex-grow)}<\/style>\t\t<div class=\"elementor-divider\">\n\t\t\t<span class=\"elementor-divider-separator\">\n\t\t\t\t\t\t<\/span>\n\t\t<\/div>\n\t\t\t\t<\/div>\n\t\t\t\t<\/div>\n\t\t\t\t\t<\/div>\n\t\t<\/div>\n\t\t\t\t\t\t\t<\/div>\n\t\t<\/section>\n\t\t\t\t<section class=\"elementor-section elementor-top-section elementor-element elementor-element-c39c247 elementor-section-boxed elementor-section-height-default elementor-section-height-default\" data-id=\"c39c247\" data-element_type=\"section\">\n\t\t\t\t\t\t<div class=\"elementor-container elementor-column-gap-default\">\n\t\t\t\t\t<div class=\"elementor-column elementor-col-100 elementor-top-column elementor-element elementor-element-25e79f4\" data-id=\"25e79f4\" data-element_type=\"column\">\n\t\t\t<div class=\"elementor-widget-wrap elementor-element-populated\">\n\t\t\t\t\t\t\t\t<div class=\"elementor-element elementor-element-7229e76 elementor-widget elementor-widget-heading\" data-id=\"7229e76\" data-element_type=\"widget\" data-widget_type=\"heading.default\">\n\t\t\t\t<div class=\"elementor-widget-container\">\n\t\t\t<h3 class=\"elementor-heading-title elementor-size-default\">Fabbri Mixybar<\/h3>\t\t<\/div>\n\t\t\t\t<\/div>\n\t\t\t\t<div class=\"elementor-element elementor-element-1adf599 elementor-widget-divider--view-line elementor-widget elementor-widget-divider\" data-id=\"1adf599\" data-element_type=\"widget\" data-widget_type=\"divider.default\">\n\t\t\t\t<div class=\"elementor-widget-container\">\n\t\t\t\t\t<div class=\"elementor-divider\">\n\t\t\t<span class=\"elementor-divider-separator\">\n\t\t\t\t\t\t<\/span>\n\t\t<\/div>\n\t\t\t\t<\/div>\n\t\t\t\t<\/div>\n\t\t\t\t\t<\/div>\n\t\t<\/div>\n\t\t\t\t\t\t\t<\/div>\n\t\t<\/section>\n\t\t\t\t<section class=\"elementor-section elementor-top-section elementor-element elementor-element-357c5c7 elementor-section-boxed elementor-section-height-default elementor-section-height-default\" data-id=\"357c5c7\" data-element_type=\"section\" data-settings=\"{&quot;background_background&quot;:&quot;classic&quot;}\">\n\t\t\t\t\t\t<div class=\"elementor-container elementor-column-gap-default\">\n\t\t\t\t\t<div class=\"elementor-column elementor-col-50 elementor-top-column elementor-element elementor-element-1dffaa74\" data-id=\"1dffaa74\" data-element_type=\"column\">\n\t\t\t<div class=\"elementor-widget-wrap elementor-element-populated\">\n\t\t\t\t\t\t\t\t<div class=\"elementor-element elementor-element-28093b09 elementor-widget elementor-widget-image\" data-id=\"28093b09\" data-element_type=\"widget\" data-widget_type=\"image.default\">\n\t\t\t\t<div class=\"elementor-widget-container\">\n\t\t\t<style>\/*! elementor - v3.10.0 - 09-01-2023 *\/\n.elementor-widget-image{text-align:center}.elementor-widget-image a{display:inline-block}.elementor-widget-image a img[src$=\".svg\"]{width:48px}.elementor-widget-image img{vertical-align:middle;display:inline-block}<\/style>\t\t\t\t\t\t\t\t\t\t\t\t<img decoding=\"async\" width=\"1024\" height=\"693\" src=\"https:\/\/stage.justfoodwestafrica.com\/wp-content\/uploads\/2022\/07\/Fabbri-Mixybar_Syrup_Banana_Strawberry_Passion-Fruit-1024x693.jpg\" class=\"attachment-large size-large wp-image-3226\" alt=\"\" loading=\"lazy\" srcset=\"https:\/\/stage.justfoodwestafrica.com\/wp-content\/uploads\/2022\/07\/Fabbri-Mixybar_Syrup_Banana_Strawberry_Passion-Fruit-1024x693.jpg 1024w, https:\/\/stage.justfoodwestafrica.com\/wp-content\/uploads\/2022\/07\/Fabbri-Mixybar_Syrup_Banana_Strawberry_Passion-Fruit-300x203.jpg 300w, https:\/\/stage.justfoodwestafrica.com\/wp-content\/uploads\/2022\/07\/Fabbri-Mixybar_Syrup_Banana_Strawberry_Passion-Fruit-768x520.jpg 768w, https:\/\/stage.justfoodwestafrica.com\/wp-content\/uploads\/2022\/07\/Fabbri-Mixybar_Syrup_Banana_Strawberry_Passion-Fruit.jpg 1080w\" sizes=\"(max-width: 1024px) 100vw, 1024px\" \/>\t\t\t\t\t\t\t\t\t\t\t\t\t\t\t<\/div>\n\t\t\t\t<\/div>\n\t\t\t\t\t<\/div>\n\t\t<\/div>\n\t\t\t\t<div class=\"elementor-column elementor-col-50 elementor-top-column elementor-element elementor-element-551490e5\" data-id=\"551490e5\" data-element_type=\"column\" data-settings=\"{&quot;background_background&quot;:&quot;classic&quot;}\">\n\t\t\t<div class=\"elementor-widget-wrap elementor-element-populated\">\n\t\t\t\t\t\t\t\t<div class=\"elementor-element elementor-element-76b28d44 elementor-widget elementor-widget-text-editor\" data-id=\"76b28d44\" data-element_type=\"widget\" data-widget_type=\"text-editor.default\">\n\t\t\t\t<div class=\"elementor-widget-container\">\n\t\t\t<style>\/*! elementor - v3.10.0 - 09-01-2023 *\/\n.elementor-widget-text-editor.elementor-drop-cap-view-stacked .elementor-drop-cap{background-color:#818a91;color:#fff}.elementor-widget-text-editor.elementor-drop-cap-view-framed .elementor-drop-cap{color:#818a91;border:3px solid;background-color:transparent}.elementor-widget-text-editor:not(.elementor-drop-cap-view-default) .elementor-drop-cap{margin-top:8px}.elementor-widget-text-editor:not(.elementor-drop-cap-view-default) .elementor-drop-cap-letter{width:1em;height:1em}.elementor-widget-text-editor .elementor-drop-cap{float:left;text-align:center;line-height:1;font-size:50px}.elementor-widget-text-editor .elementor-drop-cap-letter{display:inline-block}<\/style>\t\t\t\t<p>Il s&rsquo;agit de compotes liquides hautement concentr\u00e9es \u00e0 base de sirops de fruits, qui permettent au mixologue de r\u00e9aliser des boissons savoureuses telles que des cocktails, mocktails, ap\u00e9ritifs, smoothies, etc. Tr\u00e8s polyvalents, ils sont \u00e9galement id\u00e9aux pour aromatiser le th\u00e9 glac\u00e9, cr\u00e9er des boissons rafra\u00eechissantes et personnaliser un granit\u00e9 neutre directement dans le verre.  <\/p>\n\t\t\t\t\t\t<\/div>\n\t\t\t\t<\/div>\n\t\t\t\t<div class=\"elementor-element elementor-element-3a7f4be6 elementor-icon-list--layout-traditional elementor-list-item-link-full_width elementor-widget elementor-widget-icon-list\" data-id=\"3a7f4be6\" data-element_type=\"widget\" data-widget_type=\"icon-list.default\">\n\t\t\t\t<div class=\"elementor-widget-container\">\n\t\t\t<link rel=\"stylesheet\" href=\"https:\/\/stage.justfoodwestafrica.com\/wp-content\/plugins\/elementor\/assets\/css\/widget-icon-list.min.css\">\t\t<ul class=\"elementor-icon-list-items\">\n\t\t\t\t\t\t\t<li class=\"elementor-icon-list-item\">\n\t\t\t\t\t\t\t\t\t\t\t<span class=\"elementor-icon-list-icon\">\n\t\t\t\t\t\t\t<i aria-hidden=\"true\" class=\"fas fa-dot-circle\"><\/i>\t\t\t\t\t\t<\/span>\n\t\t\t\t\t\t\t\t\t\t<span class=\"elementor-icon-list-text\">Excellente alternative aux fruits frais.<\/span>\n\t\t\t\t\t\t\t\t\t<\/li>\n\t\t\t\t\t\t\t\t<li class=\"elementor-icon-list-item\">\n\t\t\t\t\t\t\t\t\t\t\t<span class=\"elementor-icon-list-icon\">\n\t\t\t\t\t\t\t<i aria-hidden=\"true\" class=\"fas fa-dot-circle\"><\/i>\t\t\t\t\t\t<\/span>\n\t\t\t\t\t\t\t\t\t\t<span class=\"elementor-icon-list-text\">Peut \u00eatre utilis\u00e9 individuellement ou combin\u00e9 pour des saveurs plus excitantes.<\/span>\n\t\t\t\t\t\t\t\t\t<\/li>\n\t\t\t\t\t\t\t\t<li class=\"elementor-icon-list-item\">\n\t\t\t\t\t\t\t\t\t\t\t<span class=\"elementor-icon-list-icon\">\n\t\t\t\t\t\t\t<i aria-hidden=\"true\" class=\"fas fa-dot-circle\"><\/i>\t\t\t\t\t\t<\/span>\n\t\t\t\t\t\t\t\t\t\t<span class=\"elementor-icon-list-text\">Convient pour la pr\u00e9paration de cocktails, mocktails, slushs, granit\u00e9s, smoothies, etc.<\/span>\n\t\t\t\t\t\t\t\t\t<\/li>\n\t\t\t\t\t\t\t\t<li class=\"elementor-icon-list-item\">\n\t\t\t\t\t\t\t\t\t\t\t<span class=\"elementor-icon-list-icon\">\n\t\t\t\t\t\t\t<i aria-hidden=\"true\" class=\"fas fa-dot-circle\"><\/i>\t\t\t\t\t\t<\/span>\n\t\t\t\t\t\t\t\t\t\t<span class=\"elementor-icon-list-text\">Disponible dans une grande vari\u00e9t\u00e9 de saveurs. <\/span>\n\t\t\t\t\t\t\t\t\t<\/li>\n\t\t\t\t\t\t<\/ul>\n\t\t\t\t<\/div>\n\t\t\t\t<\/div>\n\t\t\t\t<div class=\"elementor-element elementor-element-721af3e0 elementor-align-center elementor-widget elementor-widget-button\" data-id=\"721af3e0\" data-element_type=\"widget\" data-widget_type=\"button.default\">\n\t\t\t\t<div class=\"elementor-widget-container\">\n\t\t\t\t\t<div class=\"elementor-button-wrapper\">\n\t\t\t<a href=\"https:\/\/justfood.ng\/product-category\/fabbri-mixybar-syrup\/\" target=\"_blank\" class=\"elementor-button-link elementor-button elementor-size-sm elementor-animation-buzz-out\" role=\"button\">\n\t\t\t\t\t\t<span class=\"elementor-button-content-wrapper\">\n\t\t\t\t\t\t<span class=\"elementor-button-text\">COMMANDEZ MAINTENANT<\/span>\n\t\t<\/span>\n\t\t\t\t\t<\/a>\n\t\t<\/div>\n\t\t\t\t<\/div>\n\t\t\t\t<\/div>\n\t\t\t\t\t<\/div>\n\t\t<\/div>\n\t\t\t\t\t\t\t<\/div>\n\t\t<\/section>\n\t\t\t\t\t\t\t<\/div>\n\t\t","protected":false},"excerpt":{"rendered":"<p>Sirops Fabbri Mixybar Il s&rsquo;agit de compotes liquides hautement concentr\u00e9es \u00e0 base de sirops de fruits, qui permettent au mixologue de r\u00e9aliser des boissons savoureuses telles que des cocktails, mocktails, ap\u00e9ritifs, smoothies, etc. Tr\u00e8s polyvalents, ils sont \u00e9galement id\u00e9aux pour aromatiser le th\u00e9 glac\u00e9, cr\u00e9er des boissons rafra\u00eechissantes et personnaliser un granit\u00e9 neutre directement dans &hellip;<\/p>\n<p class=\"read-more\"> <a class=\"\" href=\"https:\/\/stage.justfoodwestafrica.com\/fr\/sirops\/\"> <span class=\"screen-reader-text\">Sirops<\/span> Lire la suite\u00a0\u00bb<\/a><\/p>\n","protected":false},"author":1,"featured_media":0,"parent":0,"menu_order":0,"comment_status":"closed","ping_status":"closed","template":"","meta":{"_monsterinsights_skip_tracking":false,"_monsterinsights_sitenote_active":false,"_monsterinsights_sitenote_note":"","_monsterinsights_sitenote_category":0,"site-sidebar-layout":"no-sidebar","site-content-layout":"page-builder","ast-global-header-display":"","ast-main-header-display":"","ast-hfb-above-header-display":"","ast-hfb-below-header-display":"","ast-hfb-mobile-header-display":"","site-post-title":"disabled","ast-breadcrumbs-content":"","ast-featured-img":"disabled","footer-sml-layout":"","theme-transparent-header-meta":"","adv-header-id-meta":"","stick-header-meta":"","header-above-stick-meta":"","header-main-stick-meta":"","header-below-stick-meta":""},"aioseo_notices":[],"yoast_head":"<!-- This site is optimized with the Yoast SEO plugin v19.13 - https:\/\/yoast.com\/wordpress\/plugins\/seo\/ -->\n<title>Sirops | Just Food<\/title>\n<meta name=\"robots\" content=\"index, follow, max-snippet:-1, max-image-preview:large, max-video-preview:-1\" \/>\n<link rel=\"canonical\" href=\"https:\/\/stage.justfoodwestafrica.com\/fr\/sirops\/\" \/>\n<meta property=\"og:locale\" content=\"fr_FR\" \/>\n<meta property=\"og:type\" content=\"article\" \/>\n<meta property=\"og:title\" content=\"Sirops | Just Food\" \/>\n<meta property=\"og:description\" content=\"Sirops Fabbri Mixybar Il s&rsquo;agit de compotes liquides hautement concentr\u00e9es \u00e0 base de sirops de fruits, qui permettent au mixologue de r\u00e9aliser des boissons savoureuses telles que des cocktails, mocktails, ap\u00e9ritifs, smoothies, etc. Tr\u00e8s polyvalents, ils sont \u00e9galement id\u00e9aux pour aromatiser le th\u00e9 glac\u00e9, cr\u00e9er des boissons rafra\u00eechissantes et personnaliser un granit\u00e9 neutre directement dans &hellip; Sirops Lire la suite\u00a0\u00bb\" \/>\n<meta property=\"og:url\" content=\"https:\/\/stage.justfoodwestafrica.com\/fr\/sirops\/\" \/>\n<meta property=\"og:site_name\" content=\"Just Food\" \/>\n<meta property=\"article:publisher\" content=\"https:\/\/www.facebook.com\/justfoodwestafrica\" \/>\n<meta property=\"article:modified_time\" content=\"2022-12-20T04:19:12+00:00\" \/>\n<meta property=\"og:image\" content=\"http:\/\/stage.justfoodwestafrica.com\/wp-content\/uploads\/2022\/07\/Fabbri-Mixybar_Syrup_Banana_Strawberry_Passion-Fruit-1024x693.jpg\" \/>\n<meta name=\"twitter:card\" content=\"summary_large_image\" \/>\n<meta name=\"twitter:site\" content=\"@JUSTFOODWESTAFR\" \/>\n<meta name=\"twitter:label1\" content=\"Dur\u00e9e de lecture estim\u00e9e\" \/>\n\t<meta name=\"twitter:data1\" content=\"1 minute\" \/>\n<script type=\"application\/ld+json\" class=\"yoast-schema-graph\">{\"@context\":\"https:\/\/schema.org\",\"@graph\":[{\"@type\":\"WebPage\",\"@id\":\"https:\/\/stage.justfoodwestafrica.com\/fr\/sirops\/\",\"url\":\"https:\/\/stage.justfoodwestafrica.com\/fr\/sirops\/\",\"name\":\"Sirops | Just Food\",\"isPartOf\":{\"@id\":\"https:\/\/stage.justfoodwestafrica.com\/fr\/#website\"},\"datePublished\":\"2022-12-20T04:19:06+00:00\",\"dateModified\":\"2022-12-20T04:19:12+00:00\",\"breadcrumb\":{\"@id\":\"https:\/\/stage.justfoodwestafrica.com\/fr\/sirops\/#breadcrumb\"},\"inLanguage\":\"fr-FR\",\"potentialAction\":[{\"@type\":\"ReadAction\",\"target\":[\"https:\/\/stage.justfoodwestafrica.com\/fr\/sirops\/\"]}]},{\"@type\":\"BreadcrumbList\",\"@id\":\"https:\/\/stage.justfoodwestafrica.com\/fr\/sirops\/#breadcrumb\",\"itemListElement\":[{\"@type\":\"ListItem\",\"position\":1,\"name\":\"Home\",\"item\":\"https:\/\/stage.justfoodwestafrica.com\/fr\/\"},{\"@type\":\"ListItem\",\"position\":2,\"name\":\"Sirops\"}]},{\"@type\":\"WebSite\",\"@id\":\"https:\/\/stage.justfoodwestafrica.com\/fr\/#website\",\"url\":\"https:\/\/stage.justfoodwestafrica.com\/fr\/\",\"name\":\"Just Food\",\"description\":\"Ice Cream Powder | Ice Cream Flavours and Cones\",\"publisher\":{\"@id\":\"https:\/\/stage.justfoodwestafrica.com\/fr\/#organization\"},\"potentialAction\":[{\"@type\":\"SearchAction\",\"target\":{\"@type\":\"EntryPoint\",\"urlTemplate\":\"https:\/\/stage.justfoodwestafrica.com\/fr\/?s={search_term_string}\"},\"query-input\":\"required name=search_term_string\"}],\"inLanguage\":\"fr-FR\"},{\"@type\":\"Organization\",\"@id\":\"https:\/\/stage.justfoodwestafrica.com\/fr\/#organization\",\"name\":\"JustFood Limited\",\"url\":\"https:\/\/stage.justfoodwestafrica.com\/fr\/\",\"logo\":{\"@type\":\"ImageObject\",\"inLanguage\":\"fr-FR\",\"@id\":\"https:\/\/stage.justfoodwestafrica.com\/fr\/#\/schema\/logo\/image\/\",\"url\":\"http:\/\/stage.justfoodwestafrica.com\/wp-content\/uploads\/2015\/11\/JUST-FOOD-LOGO.png\",\"contentUrl\":\"http:\/\/stage.justfoodwestafrica.com\/wp-content\/uploads\/2015\/11\/JUST-FOOD-LOGO.png\",\"width\":280,\"height\":106,\"caption\":\"JustFood Limited\"},\"image\":{\"@id\":\"https:\/\/stage.justfoodwestafrica.com\/fr\/#\/schema\/logo\/image\/\"},\"sameAs\":[\"http:\/\/instagram.com\/justfoodwestafrica\/\",\"https:\/\/www.linkedin.com\/company\/justfood-limited\",\"https:\/\/youtube.com\/channel\/UCTgkR7jzKkLMaaIEb7qNEbg\",\"https:\/\/www.facebook.com\/justfoodwestafrica\",\"https:\/\/twitter.com\/JUSTFOODWESTAFR\"]}]}<\/script>\n<!-- \/ Yoast SEO plugin. -->","yoast_head_json":{"title":"Sirops | Just Food","robots":{"index":"index","follow":"follow","max-snippet":"max-snippet:-1","max-image-preview":"max-image-preview:large","max-video-preview":"max-video-preview:-1"},"canonical":"https:\/\/stage.justfoodwestafrica.com\/fr\/sirops\/","og_locale":"fr_FR","og_type":"article","og_title":"Sirops | Just Food","og_description":"Sirops Fabbri Mixybar Il s&rsquo;agit de compotes liquides hautement concentr\u00e9es \u00e0 base de sirops de fruits, qui permettent au mixologue de r\u00e9aliser des boissons savoureuses telles que des cocktails, mocktails, ap\u00e9ritifs, smoothies, etc. Tr\u00e8s polyvalents, ils sont \u00e9galement id\u00e9aux pour aromatiser le th\u00e9 glac\u00e9, cr\u00e9er des boissons rafra\u00eechissantes et personnaliser un granit\u00e9 neutre directement dans &hellip; Sirops Lire la suite\u00a0\u00bb","og_url":"https:\/\/stage.justfoodwestafrica.com\/fr\/sirops\/","og_site_name":"Just Food","article_publisher":"https:\/\/www.facebook.com\/justfoodwestafrica","article_modified_time":"2022-12-20T04:19:12+00:00","og_image":[{"url":"http:\/\/stage.justfoodwestafrica.com\/wp-content\/uploads\/2022\/07\/Fabbri-Mixybar_Syrup_Banana_Strawberry_Passion-Fruit-1024x693.jpg"}],"twitter_card":"summary_large_image","twitter_site":"@JUSTFOODWESTAFR","twitter_misc":{"Dur\u00e9e de lecture estim\u00e9e":"1 minute"},"schema":{"@context":"https:\/\/schema.org","@graph":[{"@type":"WebPage","@id":"https:\/\/stage.justfoodwestafrica.com\/fr\/sirops\/","url":"https:\/\/stage.justfoodwestafrica.com\/fr\/sirops\/","name":"Sirops | Just Food","isPartOf":{"@id":"https:\/\/stage.justfoodwestafrica.com\/fr\/#website"},"datePublished":"2022-12-20T04:19:06+00:00","dateModified":"2022-12-20T04:19:12+00:00","breadcrumb":{"@id":"https:\/\/stage.justfoodwestafrica.com\/fr\/sirops\/#breadcrumb"},"inLanguage":"fr-FR","potentialAction":[{"@type":"ReadAction","target":["https:\/\/stage.justfoodwestafrica.com\/fr\/sirops\/"]}]},{"@type":"BreadcrumbList","@id":"https:\/\/stage.justfoodwestafrica.com\/fr\/sirops\/#breadcrumb","itemListElement":[{"@type":"ListItem","position":1,"name":"Home","item":"https:\/\/stage.justfoodwestafrica.com\/fr\/"},{"@type":"ListItem","position":2,"name":"Sirops"}]},{"@type":"WebSite","@id":"https:\/\/stage.justfoodwestafrica.com\/fr\/#website","url":"https:\/\/stage.justfoodwestafrica.com\/fr\/","name":"Just Food","description":"Ice Cream Powder | Ice Cream Flavours and Cones","publisher":{"@id":"https:\/\/stage.justfoodwestafrica.com\/fr\/#organization"},"potentialAction":[{"@type":"SearchAction","target":{"@type":"EntryPoint","urlTemplate":"https:\/\/stage.justfoodwestafrica.com\/fr\/?s={search_term_string}"},"query-input":"required name=search_term_string"}],"inLanguage":"fr-FR"},{"@type":"Organization","@id":"https:\/\/stage.justfoodwestafrica.com\/fr\/#organization","name":"JustFood Limited","url":"https:\/\/stage.justfoodwestafrica.com\/fr\/","logo":{"@type":"ImageObject","inLanguage":"fr-FR","@id":"https:\/\/stage.justfoodwestafrica.com\/fr\/#\/schema\/logo\/image\/","url":"http:\/\/stage.justfoodwestafrica.com\/wp-content\/uploads\/2015\/11\/JUST-FOOD-LOGO.png","contentUrl":"http:\/\/stage.justfoodwestafrica.com\/wp-content\/uploads\/2015\/11\/JUST-FOOD-LOGO.png","width":280,"height":106,"caption":"JustFood Limited"},"image":{"@id":"https:\/\/stage.justfoodwestafrica.com\/fr\/#\/schema\/logo\/image\/"},"sameAs":["http:\/\/instagram.com\/justfoodwestafrica\/","https:\/\/www.linkedin.com\/company\/justfood-limited","https:\/\/youtube.com\/channel\/UCTgkR7jzKkLMaaIEb7qNEbg","https:\/\/www.facebook.com\/justfoodwestafrica","https:\/\/twitter.com\/JUSTFOODWESTAFR"]}]}},"_links":{"self":[{"href":"https:\/\/stage.justfoodwestafrica.com\/fr\/wp-json\/wp\/v2\/pages\/5973"}],"collection":[{"href":"https:\/\/stage.justfoodwestafrica.com\/fr\/wp-json\/wp\/v2\/pages"}],"about":[{"href":"https:\/\/stage.justfoodwestafrica.com\/fr\/wp-json\/wp\/v2\/types\/page"}],"author":[{"embeddable":true,"href":"https:\/\/stage.justfoodwestafrica.com\/fr\/wp-json\/wp\/v2\/users\/1"}],"replies":[{"embeddable":true,"href":"https:\/\/stage.justfoodwestafrica.com\/fr\/wp-json\/wp\/v2\/comments?post=5973"}],"version-history":[{"count":1,"href":"https:\/\/stage.justfoodwestafrica.com\/fr\/wp-json\/wp\/v2\/pages\/5973\/revisions"}],"predecessor-version":[{"id":5974,"href":"https:\/\/stage.justfoodwestafrica.com\/fr\/wp-json\/wp\/v2\/pages\/5973\/revisions\/5974"}],"wp:attachment":[{"href":"https:\/\/stage.justfoodwestafrica.com\/fr\/wp-json\/wp\/v2\/media?parent=5973"}],"curies":[{"name":"wp","href":"https:\/\/api.w.org\/{rel}","templated":true}]}}