{"id":6023,"date":"2022-12-21T06:50:06","date_gmt":"2022-12-21T05:50:06","guid":{"rendered":"https:\/\/www.justfoodwestafrica.com\/blog\/"},"modified":"2022-12-21T06:50:10","modified_gmt":"2022-12-21T05:50:10","slug":"blog","status":"publish","type":"page","link":"https:\/\/stage.justfoodwestafrica.com\/fr\/blog\/","title":{"rendered":"Blog"},"content":{"rendered":"\t\t<div data-elementor-type=\"wp-page\" data-elementor-id=\"6023\" class=\"elementor elementor-6023 elementor-4178\">\n\t\t\t\t\t\t\t\t\t<section class=\"elementor-section elementor-top-section elementor-element elementor-element-67e4b6e3 elementor-section-height-min-height elementor-section-boxed elementor-section-height-default elementor-section-items-middle\" data-id=\"67e4b6e3\" data-element_type=\"section\" data-settings=\"{&quot;background_background&quot;:&quot;classic&quot;,&quot;animation&quot;:&quot;none&quot;}\">\n\t\t\t\t\t\t\t<div class=\"elementor-background-overlay\"><\/div>\n\t\t\t\t\t\t\t<div class=\"elementor-container elementor-column-gap-no\">\n\t\t\t\t\t<div class=\"elementor-column elementor-col-100 elementor-top-column elementor-element elementor-element-7a49906e\" data-id=\"7a49906e\" data-element_type=\"column\">\n\t\t\t<div class=\"elementor-widget-wrap elementor-element-populated\">\n\t\t\t\t\t\t\t\t<div class=\"elementor-element elementor-element-2ea96389 elementor-widget elementor-widget-heading\" data-id=\"2ea96389\" data-element_type=\"widget\" data-widget_type=\"heading.default\">\n\t\t\t\t<div class=\"elementor-widget-container\">\n\t\t\t<style>\/*! elementor - v3.10.0 - 09-01-2023 *\/\n.elementor-heading-title{padding:0;margin:0;line-height:1}.elementor-widget-heading .elementor-heading-title[class*=elementor-size-]>a{color:inherit;font-size:inherit;line-height:inherit}.elementor-widget-heading .elementor-heading-title.elementor-size-small{font-size:15px}.elementor-widget-heading .elementor-heading-title.elementor-size-medium{font-size:19px}.elementor-widget-heading .elementor-heading-title.elementor-size-large{font-size:29px}.elementor-widget-heading .elementor-heading-title.elementor-size-xl{font-size:39px}.elementor-widget-heading .elementor-heading-title.elementor-size-xxl{font-size:59px}<\/style><h1 class=\"elementor-heading-title elementor-size-default\">Blog<\/h1>\t\t<\/div>\n\t\t\t\t<\/div>\n\t\t\t\t<div class=\"elementor-element elementor-element-43c35afe elementor-widget-divider--view-line elementor-widget elementor-widget-divider\" data-id=\"43c35afe\" data-element_type=\"widget\" data-widget_type=\"divider.default\">\n\t\t\t\t<div class=\"elementor-widget-container\">\n\t\t\t<style>\/*! elementor - v3.10.0 - 09-01-2023 *\/\n.elementor-widget-divider{--divider-border-style:none;--divider-border-width:1px;--divider-color:#2c2c2c;--divider-icon-size:20px;--divider-element-spacing:10px;--divider-pattern-height:24px;--divider-pattern-size:20px;--divider-pattern-url:none;--divider-pattern-repeat:repeat-x}.elementor-widget-divider .elementor-divider{display:flex}.elementor-widget-divider .elementor-divider__text{font-size:15px;line-height:1;max-width:95%}.elementor-widget-divider .elementor-divider__element{margin:0 var(--divider-element-spacing);flex-shrink:0}.elementor-widget-divider .elementor-icon{font-size:var(--divider-icon-size)}.elementor-widget-divider .elementor-divider-separator{display:flex;margin:0;direction:ltr}.elementor-widget-divider--view-line_icon .elementor-divider-separator,.elementor-widget-divider--view-line_text .elementor-divider-separator{align-items:center}.elementor-widget-divider--view-line_icon .elementor-divider-separator:after,.elementor-widget-divider--view-line_icon .elementor-divider-separator:before,.elementor-widget-divider--view-line_text .elementor-divider-separator:after,.elementor-widget-divider--view-line_text .elementor-divider-separator:before{display:block;content:\"\";border-bottom:0;flex-grow:1;border-top:var(--divider-border-width) var(--divider-border-style) var(--divider-color)}.elementor-widget-divider--element-align-left .elementor-divider .elementor-divider-separator>.elementor-divider__svg:first-of-type{flex-grow:0;flex-shrink:100}.elementor-widget-divider--element-align-left .elementor-divider-separator:before{content:none}.elementor-widget-divider--element-align-left .elementor-divider__element{margin-left:0}.elementor-widget-divider--element-align-right .elementor-divider .elementor-divider-separator>.elementor-divider__svg:last-of-type{flex-grow:0;flex-shrink:100}.elementor-widget-divider--element-align-right .elementor-divider-separator:after{content:none}.elementor-widget-divider--element-align-right .elementor-divider__element{margin-right:0}.elementor-widget-divider:not(.elementor-widget-divider--view-line_text):not(.elementor-widget-divider--view-line_icon) .elementor-divider-separator{border-top:var(--divider-border-width) var(--divider-border-style) var(--divider-color)}.elementor-widget-divider--separator-type-pattern{--divider-border-style:none}.elementor-widget-divider--separator-type-pattern.elementor-widget-divider--view-line .elementor-divider-separator,.elementor-widget-divider--separator-type-pattern:not(.elementor-widget-divider--view-line) .elementor-divider-separator:after,.elementor-widget-divider--separator-type-pattern:not(.elementor-widget-divider--view-line) .elementor-divider-separator:before,.elementor-widget-divider--separator-type-pattern:not([class*=elementor-widget-divider--view]) .elementor-divider-separator{width:100%;min-height:var(--divider-pattern-height);-webkit-mask-size:var(--divider-pattern-size) 100%;mask-size:var(--divider-pattern-size) 100%;-webkit-mask-repeat:var(--divider-pattern-repeat);mask-repeat:var(--divider-pattern-repeat);background-color:var(--divider-color);-webkit-mask-image:var(--divider-pattern-url);mask-image:var(--divider-pattern-url)}.elementor-widget-divider--no-spacing{--divider-pattern-size:auto}.elementor-widget-divider--bg-round{--divider-pattern-repeat:round}.rtl .elementor-widget-divider .elementor-divider__text{direction:rtl}.e-con-inner>.elementor-widget-divider,.e-con>.elementor-widget-divider{width:var(--container-widget-width);--flex-grow:var(--container-widget-flex-grow)}<\/style>\t\t<div class=\"elementor-divider\">\n\t\t\t<span class=\"elementor-divider-separator\">\n\t\t\t\t\t\t<\/span>\n\t\t<\/div>\n\t\t\t\t<\/div>\n\t\t\t\t<\/div>\n\t\t\t\t\t<\/div>\n\t\t<\/div>\n\t\t\t\t\t\t\t<\/div>\n\t\t<\/section>\n\t\t\t\t<section class=\"elementor-section elementor-top-section elementor-element elementor-element-76eb4ae elementor-section-boxed elementor-section-height-default elementor-section-height-default\" data-id=\"76eb4ae\" data-element_type=\"section\">\n\t\t\t\t\t\t<div class=\"elementor-container elementor-column-gap-default\">\n\t\t\t\t\t<div class=\"elementor-column elementor-col-50 elementor-top-column elementor-element elementor-element-a66e9bd\" data-id=\"a66e9bd\" data-element_type=\"column\">\n\t\t\t<div class=\"elementor-widget-wrap elementor-element-populated\">\n\t\t\t\t\t\t\t\t<div class=\"elementor-element elementor-element-acef44d elementor-grid-1 elementor-posts--thumbnail-left elementor-grid-tablet-1 elementor-grid-mobile-1 elementor-widget elementor-widget-posts\" data-id=\"acef44d\" data-element_type=\"widget\" data-settings=\"{&quot;classic_columns&quot;:&quot;1&quot;,&quot;classic_columns_tablet&quot;:&quot;1&quot;,&quot;classic_columns_mobile&quot;:&quot;1&quot;,&quot;classic_row_gap&quot;:{&quot;unit&quot;:&quot;px&quot;,&quot;size&quot;:35,&quot;sizes&quot;:[]},&quot;classic_row_gap_tablet&quot;:{&quot;unit&quot;:&quot;px&quot;,&quot;size&quot;:&quot;&quot;,&quot;sizes&quot;:[]},&quot;classic_row_gap_mobile&quot;:{&quot;unit&quot;:&quot;px&quot;,&quot;size&quot;:&quot;&quot;,&quot;sizes&quot;:[]}}\" data-widget_type=\"posts.classic\">\n\t\t\t\t<div class=\"elementor-widget-container\">\n\t\t\t<link rel=\"stylesheet\" href=\"https:\/\/stage.justfoodwestafrica.com\/wp-content\/plugins\/elementor-pro\/assets\/css\/widget-posts.min.css\">\t\t<div class=\"elementor-posts-container elementor-posts elementor-posts--skin-classic elementor-grid\">\n\t\t\t\t<article class=\"elementor-post elementor-grid-item post-5927 post type-post status-publish format-standard hentry category-uncategorized-fr\">\n\t\t\t\t<div class=\"elementor-post__text\">\n\t\t\t\t<h4 class=\"elementor-post__title\">\n\t\t\t<a href=\"https:\/\/stage.justfoodwestafrica.com\/fr\/modupe-remporte-le-titre-de-lady-amarena-nigeria-2022\/\" >\n\t\t\t\tModupe remporte le titre de Lady Amarena Nigeria 2022\t\t\t<\/a>\n\t\t<\/h4>\n\t\t\t\t<div class=\"elementor-post__meta-data\">\n\t\t\t\t\t<span class=\"elementor-post-date\">\n\t\t\td\u00e9cembre 15, 2022\t\t<\/span>\n\t\t\t\t<span class=\"elementor-post-avatar\">\n\t\t\tAucun commentaire\t\t<\/span>\n\t\t\t\t<\/div>\n\t\t\t\t<div class=\"elementor-post__excerpt\">\n\t\t\t<p>Modupe Idowu, fondatrice et mixologue en chef de Dees cocktails, un bar mobile nig\u00e9rian et une soci\u00e9t\u00e9 de boissons haut de gamme qui croit en<\/p>\n\t\t<\/div>\n\t\t\n\t\t<a class=\"elementor-post__read-more\" href=\"https:\/\/stage.justfoodwestafrica.com\/fr\/modupe-remporte-le-titre-de-lady-amarena-nigeria-2022\/\" >\n\t\t\tLire la suite \u00bb\t\t<\/a>\n\n\t\t\t\t<\/div>\n\t\t\t\t<\/article>\n\t\t\t\t<article class=\"elementor-post elementor-grid-item post-5919 post type-post status-publish format-standard hentry category-uncategorized-fr\">\n\t\t\t\t<div class=\"elementor-post__text\">\n\t\t\t\t<h4 class=\"elementor-post__title\">\n\t\t\t<a href=\"https:\/\/stage.justfoodwestafrica.com\/fr\/bubbles-remporte-le-titre-de-lady-amarena-nigeria-2019\/\" >\n\t\t\t\tBubbles remporte le titre de Lady Amarena Nigeria 2019\t\t\t<\/a>\n\t\t<\/h4>\n\t\t\t\t<div class=\"elementor-post__meta-data\">\n\t\t\t\t\t<span class=\"elementor-post-date\">\n\t\t\td\u00e9cembre 15, 2022\t\t<\/span>\n\t\t\t\t<span class=\"elementor-post-avatar\">\n\t\t\tAucun commentaire\t\t<\/span>\n\t\t\t\t<\/div>\n\t\t\t\t<div class=\"elementor-post__excerpt\">\n\t\t\t<p>Ugochinyere Somtochukwu Onyewuenyi alias Bubbles a \u00e9merg\u00e9 mardi 25 juin 2019 comme la gagnante de l&rsquo;\u00e9dition inaugurale de la comp\u00e9tition Lady Amarena Nigeria, un concours<\/p>\n\t\t<\/div>\n\t\t\n\t\t<a class=\"elementor-post__read-more\" href=\"https:\/\/stage.justfoodwestafrica.com\/fr\/bubbles-remporte-le-titre-de-lady-amarena-nigeria-2019\/\" >\n\t\t\tLire la suite \u00bb\t\t<\/a>\n\n\t\t\t\t<\/div>\n\t\t\t\t<\/article>\n\t\t\t\t<article class=\"elementor-post elementor-grid-item post-5917 post type-post status-publish format-standard hentry category-uncategorized-fr\">\n\t\t\t\t<div class=\"elementor-post__text\">\n\t\t\t\t<h4 class=\"elementor-post__title\">\n\t\t\t<a href=\"https:\/\/stage.justfoodwestafrica.com\/fr\/just-food-sapprete-a-lancer-sa-propre-poudre-de-creme-glacee\/\" >\n\t\t\t\tJust Food s&rsquo;appr\u00eate \u00e0 lancer sa propre poudre de cr\u00e8me glac\u00e9e\t\t\t<\/a>\n\t\t<\/h4>\n\t\t\t\t<div class=\"elementor-post__meta-data\">\n\t\t\t\t\t<span class=\"elementor-post-date\">\n\t\t\td\u00e9cembre 15, 2022\t\t<\/span>\n\t\t\t\t<span class=\"elementor-post-avatar\">\n\t\t\tAucun commentaire\t\t<\/span>\n\t\t\t\t<\/div>\n\t\t\t\t<div class=\"elementor-post__excerpt\">\n\t\t\t<p>Le premier fournisseur d&rsquo;Afrique de l&rsquo;Ouest de consommables de qualit\u00e9 et d&rsquo;\u00e9quipements alimentaires mondiaux lancerait sa propre poudre pour cr\u00e8me glac\u00e9e, qui sera produite localement<\/p>\n\t\t<\/div>\n\t\t\n\t\t<a class=\"elementor-post__read-more\" href=\"https:\/\/stage.justfoodwestafrica.com\/fr\/just-food-sapprete-a-lancer-sa-propre-poudre-de-creme-glacee\/\" >\n\t\t\tLire la suite \u00bb\t\t<\/a>\n\n\t\t\t\t<\/div>\n\t\t\t\t<\/article>\n\t\t\t\t<\/div>\n\t\t\n\t\t\t\t<\/div>\n\t\t\t\t<\/div>\n\t\t\t\t\t<\/div>\n\t\t<\/div>\n\t\t\t\t<div class=\"elementor-column elementor-col-50 elementor-top-column elementor-element elementor-element-1d5b943\" data-id=\"1d5b943\" data-element_type=\"column\" data-settings=\"{&quot;background_background&quot;:&quot;classic&quot;}\">\n\t\t\t<div class=\"elementor-widget-wrap elementor-element-populated\">\n\t\t\t\t\t<div class=\"elementor-background-overlay\"><\/div>\n\t\t\t\t\t\t\t\t<div class=\"elementor-element elementor-element-cecaec1 elementor-widget elementor-widget-image\" data-id=\"cecaec1\" data-element_type=\"widget\" data-widget_type=\"image.default\">\n\t\t\t\t<div class=\"elementor-widget-container\">\n\t\t\t<style>\/*! elementor - v3.10.0 - 09-01-2023 *\/\n.elementor-widget-image{text-align:center}.elementor-widget-image a{display:inline-block}.elementor-widget-image a img[src$=\".svg\"]{width:48px}.elementor-widget-image img{vertical-align:middle;display:inline-block}<\/style>\t\t\t\t\t\t\t\t\t\t\t\t\t<a href=\"https:\/\/justfood.ng\/product\/banana\/\">\n\t\t\t\t\t\t\t<img decoding=\"async\" width=\"819\" height=\"1024\" src=\"https:\/\/stage.justfoodwestafrica.com\/wp-content\/uploads\/2022\/08\/163887474_116314207189423_5693655370972943555_n-819x1024.jpg\" class=\"attachment-large size-large wp-image-5402\" alt=\"\" loading=\"lazy\" srcset=\"https:\/\/stage.justfoodwestafrica.com\/wp-content\/uploads\/2022\/08\/163887474_116314207189423_5693655370972943555_n-819x1024.jpg 819w, https:\/\/stage.justfoodwestafrica.com\/wp-content\/uploads\/2022\/08\/163887474_116314207189423_5693655370972943555_n-240x300.jpg 240w, https:\/\/stage.justfoodwestafrica.com\/wp-content\/uploads\/2022\/08\/163887474_116314207189423_5693655370972943555_n-768x960.jpg 768w, https:\/\/stage.justfoodwestafrica.com\/wp-content\/uploads\/2022\/08\/163887474_116314207189423_5693655370972943555_n.jpg 1080w\" sizes=\"(max-width: 819px) 100vw, 819px\" \/>\t\t\t\t\t\t\t\t<\/a>\n\t\t\t\t\t\t\t\t\t\t\t\t\t\t\t<\/div>\n\t\t\t\t<\/div>\n\t\t\t\t<div class=\"elementor-element elementor-element-7e586da elementor-align-center animated-slow elementor-invisible elementor-widget elementor-widget-button\" data-id=\"7e586da\" data-element_type=\"widget\" data-settings=\"{&quot;_animation&quot;:&quot;slideInRight&quot;}\" data-widget_type=\"button.default\">\n\t\t\t\t<div class=\"elementor-widget-container\">\n\t\t\t\t\t<div class=\"elementor-button-wrapper\">\n\t\t\t<a href=\"https:\/\/justfood.ng\/product\/banana\/\" class=\"elementor-button-link elementor-button elementor-size-sm\" role=\"button\">\n\t\t\t\t\t\t<span class=\"elementor-button-content-wrapper\">\n\t\t\t\t\t\t<span class=\"elementor-button-text\">Acheter maintenant<\/span>\n\t\t<\/span>\n\t\t\t\t\t<\/a>\n\t\t<\/div>\n\t\t\t\t<\/div>\n\t\t\t\t<\/div>\n\t\t\t\t<div class=\"elementor-element elementor-element-b1f200a elementor-grid-1 elementor-posts--thumbnail-left elementor-grid-tablet-1 elementor-grid-mobile-1 elementor-widget elementor-widget-posts\" data-id=\"b1f200a\" data-element_type=\"widget\" data-settings=\"{&quot;classic_columns&quot;:&quot;1&quot;,&quot;classic_columns_tablet&quot;:&quot;1&quot;,&quot;classic_columns_mobile&quot;:&quot;1&quot;,&quot;classic_row_gap&quot;:{&quot;unit&quot;:&quot;px&quot;,&quot;size&quot;:35,&quot;sizes&quot;:[]},&quot;classic_row_gap_tablet&quot;:{&quot;unit&quot;:&quot;px&quot;,&quot;size&quot;:&quot;&quot;,&quot;sizes&quot;:[]},&quot;classic_row_gap_mobile&quot;:{&quot;unit&quot;:&quot;px&quot;,&quot;size&quot;:&quot;&quot;,&quot;sizes&quot;:[]}}\" data-widget_type=\"posts.classic\">\n\t\t\t\t<div class=\"elementor-widget-container\">\n\t\t\t\t\t<div class=\"elementor-posts-container elementor-posts elementor-posts--skin-classic elementor-grid\">\n\t\t\t\t<article class=\"elementor-post elementor-grid-item post-5927 post type-post status-publish format-standard hentry category-uncategorized-fr\">\n\t\t\t\t<div class=\"elementor-post__text\">\n\t\t\t\t<h5 class=\"elementor-post__title\">\n\t\t\t<a href=\"https:\/\/stage.justfoodwestafrica.com\/fr\/modupe-remporte-le-titre-de-lady-amarena-nigeria-2022\/\" >\n\t\t\t\tModupe remporte le titre de Lady Amarena Nigeria 2022\t\t\t<\/a>\n\t\t<\/h5>\n\t\t\t\t<div class=\"elementor-post__excerpt\">\n\t\t\t<p>Modupe Idowu, fondatrice et mixologue en chef de Dees cocktails, un bar mobile nig\u00e9rian et une soci\u00e9t\u00e9 de boissons haut de gamme qui croit en<\/p>\n\t\t<\/div>\n\t\t\n\t\t<a class=\"elementor-post__read-more\" href=\"https:\/\/stage.justfoodwestafrica.com\/fr\/modupe-remporte-le-titre-de-lady-amarena-nigeria-2022\/\" >\n\t\t\tLire la suite \u00bb\t\t<\/a>\n\n\t\t\t\t<\/div>\n\t\t\t\t<\/article>\n\t\t\t\t<article class=\"elementor-post elementor-grid-item post-5919 post type-post status-publish format-standard hentry category-uncategorized-fr\">\n\t\t\t\t<div class=\"elementor-post__text\">\n\t\t\t\t<h5 class=\"elementor-post__title\">\n\t\t\t<a href=\"https:\/\/stage.justfoodwestafrica.com\/fr\/bubbles-remporte-le-titre-de-lady-amarena-nigeria-2019\/\" >\n\t\t\t\tBubbles remporte le titre de Lady Amarena Nigeria 2019\t\t\t<\/a>\n\t\t<\/h5>\n\t\t\t\t<div class=\"elementor-post__excerpt\">\n\t\t\t<p>Ugochinyere Somtochukwu Onyewuenyi alias Bubbles a \u00e9merg\u00e9 mardi 25 juin 2019 comme la gagnante de l&rsquo;\u00e9dition inaugurale de la comp\u00e9tition Lady Amarena Nigeria, un concours<\/p>\n\t\t<\/div>\n\t\t\n\t\t<a class=\"elementor-post__read-more\" href=\"https:\/\/stage.justfoodwestafrica.com\/fr\/bubbles-remporte-le-titre-de-lady-amarena-nigeria-2019\/\" >\n\t\t\tLire la suite \u00bb\t\t<\/a>\n\n\t\t\t\t<\/div>\n\t\t\t\t<\/article>\n\t\t\t\t<article class=\"elementor-post elementor-grid-item post-5917 post type-post status-publish format-standard hentry category-uncategorized-fr\">\n\t\t\t\t<div class=\"elementor-post__text\">\n\t\t\t\t<h5 class=\"elementor-post__title\">\n\t\t\t<a href=\"https:\/\/stage.justfoodwestafrica.com\/fr\/just-food-sapprete-a-lancer-sa-propre-poudre-de-creme-glacee\/\" >\n\t\t\t\tJust Food s&rsquo;appr\u00eate \u00e0 lancer sa propre poudre de cr\u00e8me glac\u00e9e\t\t\t<\/a>\n\t\t<\/h5>\n\t\t\t\t<div class=\"elementor-post__excerpt\">\n\t\t\t<p>Le premier fournisseur d&rsquo;Afrique de l&rsquo;Ouest de consommables de qualit\u00e9 et d&rsquo;\u00e9quipements alimentaires mondiaux lancerait sa propre poudre pour cr\u00e8me glac\u00e9e, qui sera produite localement<\/p>\n\t\t<\/div>\n\t\t\n\t\t<a class=\"elementor-post__read-more\" href=\"https:\/\/stage.justfoodwestafrica.com\/fr\/just-food-sapprete-a-lancer-sa-propre-poudre-de-creme-glacee\/\" >\n\t\t\tLire la suite \u00bb\t\t<\/a>\n\n\t\t\t\t<\/div>\n\t\t\t\t<\/article>\n\t\t\t\t<\/div>\n\t\t\n\t\t\t\t<\/div>\n\t\t\t\t<\/div>\n\t\t\t\t\t<\/div>\n\t\t<\/div>\n\t\t\t\t\t\t\t<\/div>\n\t\t<\/section>\n\t\t\t\t\t\t\t<\/div>\n\t\t","protected":false},"excerpt":{"rendered":"<p>Blog Acheter maintenant<\/p>\n","protected":false},"author":1,"featured_media":0,"parent":0,"menu_order":0,"comment_status":"closed","ping_status":"closed","template":"","meta":{"_monsterinsights_skip_tracking":false,"_monsterinsights_sitenote_active":false,"_monsterinsights_sitenote_note":"","_monsterinsights_sitenote_category":0,"site-sidebar-layout":"no-sidebar","site-content-layout":"page-builder","ast-global-header-display":"","ast-main-header-display":"","ast-hfb-above-header-display":"","ast-hfb-below-header-display":"","ast-hfb-mobile-header-display":"","site-post-title":"disabled","ast-breadcrumbs-content":"","ast-featured-img":"disabled","footer-sml-layout":"","theme-transparent-header-meta":"","adv-header-id-meta":"","stick-header-meta":"","header-above-stick-meta":"","header-main-stick-meta":"","header-below-stick-meta":""},"aioseo_notices":[],"yoast_head":"<!-- This site is optimized with the Yoast SEO plugin v19.13 - https:\/\/yoast.com\/wordpress\/plugins\/seo\/ -->\n<title>Blog | Just Food<\/title>\n<meta name=\"robots\" content=\"index, follow, max-snippet:-1, max-image-preview:large, max-video-preview:-1\" \/>\n<link rel=\"canonical\" href=\"https:\/\/stage.justfoodwestafrica.com\/fr\/blog\/\" \/>\n<meta property=\"og:locale\" content=\"fr_FR\" \/>\n<meta property=\"og:type\" content=\"article\" \/>\n<meta property=\"og:title\" content=\"Blog | Just Food\" \/>\n<meta property=\"og:description\" content=\"Blog Acheter maintenant\" \/>\n<meta property=\"og:url\" content=\"https:\/\/stage.justfoodwestafrica.com\/fr\/blog\/\" \/>\n<meta property=\"og:site_name\" content=\"Just Food\" \/>\n<meta property=\"article:publisher\" content=\"https:\/\/www.facebook.com\/justfoodwestafrica\" \/>\n<meta property=\"article:modified_time\" content=\"2022-12-21T05:50:10+00:00\" \/>\n<meta property=\"og:image\" content=\"http:\/\/stage.justfoodwestafrica.com\/wp-content\/uploads\/2022\/08\/163887474_116314207189423_5693655370972943555_n-819x1024.jpg\" \/>\n<meta name=\"twitter:card\" content=\"summary_large_image\" \/>\n<meta name=\"twitter:site\" content=\"@JUSTFOODWESTAFR\" \/>\n<script type=\"application\/ld+json\" class=\"yoast-schema-graph\">{\"@context\":\"https:\/\/schema.org\",\"@graph\":[{\"@type\":\"WebPage\",\"@id\":\"https:\/\/stage.justfoodwestafrica.com\/fr\/blog\/\",\"url\":\"https:\/\/stage.justfoodwestafrica.com\/fr\/blog\/\",\"name\":\"Blog | Just Food\",\"isPartOf\":{\"@id\":\"https:\/\/stage.justfoodwestafrica.com\/fr\/#website\"},\"datePublished\":\"2022-12-21T05:50:06+00:00\",\"dateModified\":\"2022-12-21T05:50:10+00:00\",\"breadcrumb\":{\"@id\":\"https:\/\/stage.justfoodwestafrica.com\/fr\/blog\/#breadcrumb\"},\"inLanguage\":\"fr-FR\",\"potentialAction\":[{\"@type\":\"ReadAction\",\"target\":[\"https:\/\/stage.justfoodwestafrica.com\/fr\/blog\/\"]}]},{\"@type\":\"BreadcrumbList\",\"@id\":\"https:\/\/stage.justfoodwestafrica.com\/fr\/blog\/#breadcrumb\",\"itemListElement\":[{\"@type\":\"ListItem\",\"position\":1,\"name\":\"Home\",\"item\":\"https:\/\/stage.justfoodwestafrica.com\/fr\/\"},{\"@type\":\"ListItem\",\"position\":2,\"name\":\"Blog\"}]},{\"@type\":\"WebSite\",\"@id\":\"https:\/\/stage.justfoodwestafrica.com\/fr\/#website\",\"url\":\"https:\/\/stage.justfoodwestafrica.com\/fr\/\",\"name\":\"Just Food\",\"description\":\"Ice Cream Powder | Ice Cream Flavours and Cones\",\"publisher\":{\"@id\":\"https:\/\/stage.justfoodwestafrica.com\/fr\/#organization\"},\"potentialAction\":[{\"@type\":\"SearchAction\",\"target\":{\"@type\":\"EntryPoint\",\"urlTemplate\":\"https:\/\/stage.justfoodwestafrica.com\/fr\/?s={search_term_string}\"},\"query-input\":\"required name=search_term_string\"}],\"inLanguage\":\"fr-FR\"},{\"@type\":\"Organization\",\"@id\":\"https:\/\/stage.justfoodwestafrica.com\/fr\/#organization\",\"name\":\"JustFood Limited\",\"url\":\"https:\/\/stage.justfoodwestafrica.com\/fr\/\",\"logo\":{\"@type\":\"ImageObject\",\"inLanguage\":\"fr-FR\",\"@id\":\"https:\/\/stage.justfoodwestafrica.com\/fr\/#\/schema\/logo\/image\/\",\"url\":\"http:\/\/stage.justfoodwestafrica.com\/wp-content\/uploads\/2015\/11\/JUST-FOOD-LOGO.png\",\"contentUrl\":\"http:\/\/stage.justfoodwestafrica.com\/wp-content\/uploads\/2015\/11\/JUST-FOOD-LOGO.png\",\"width\":280,\"height\":106,\"caption\":\"JustFood Limited\"},\"image\":{\"@id\":\"https:\/\/stage.justfoodwestafrica.com\/fr\/#\/schema\/logo\/image\/\"},\"sameAs\":[\"http:\/\/instagram.com\/justfoodwestafrica\/\",\"https:\/\/www.linkedin.com\/company\/justfood-limited\",\"https:\/\/youtube.com\/channel\/UCTgkR7jzKkLMaaIEb7qNEbg\",\"https:\/\/www.facebook.com\/justfoodwestafrica\",\"https:\/\/twitter.com\/JUSTFOODWESTAFR\"]}]}<\/script>\n<!-- \/ Yoast SEO plugin. -->","yoast_head_json":{"title":"Blog | Just Food","robots":{"index":"index","follow":"follow","max-snippet":"max-snippet:-1","max-image-preview":"max-image-preview:large","max-video-preview":"max-video-preview:-1"},"canonical":"https:\/\/stage.justfoodwestafrica.com\/fr\/blog\/","og_locale":"fr_FR","og_type":"article","og_title":"Blog | Just Food","og_description":"Blog Acheter maintenant","og_url":"https:\/\/stage.justfoodwestafrica.com\/fr\/blog\/","og_site_name":"Just Food","article_publisher":"https:\/\/www.facebook.com\/justfoodwestafrica","article_modified_time":"2022-12-21T05:50:10+00:00","og_image":[{"url":"http:\/\/stage.justfoodwestafrica.com\/wp-content\/uploads\/2022\/08\/163887474_116314207189423_5693655370972943555_n-819x1024.jpg"}],"twitter_card":"summary_large_image","twitter_site":"@JUSTFOODWESTAFR","schema":{"@context":"https:\/\/schema.org","@graph":[{"@type":"WebPage","@id":"https:\/\/stage.justfoodwestafrica.com\/fr\/blog\/","url":"https:\/\/stage.justfoodwestafrica.com\/fr\/blog\/","name":"Blog | Just Food","isPartOf":{"@id":"https:\/\/stage.justfoodwestafrica.com\/fr\/#website"},"datePublished":"2022-12-21T05:50:06+00:00","dateModified":"2022-12-21T05:50:10+00:00","breadcrumb":{"@id":"https:\/\/stage.justfoodwestafrica.com\/fr\/blog\/#breadcrumb"},"inLanguage":"fr-FR","potentialAction":[{"@type":"ReadAction","target":["https:\/\/stage.justfoodwestafrica.com\/fr\/blog\/"]}]},{"@type":"BreadcrumbList","@id":"https:\/\/stage.justfoodwestafrica.com\/fr\/blog\/#breadcrumb","itemListElement":[{"@type":"ListItem","position":1,"name":"Home","item":"https:\/\/stage.justfoodwestafrica.com\/fr\/"},{"@type":"ListItem","position":2,"name":"Blog"}]},{"@type":"WebSite","@id":"https:\/\/stage.justfoodwestafrica.com\/fr\/#website","url":"https:\/\/stage.justfoodwestafrica.com\/fr\/","name":"Just Food","description":"Ice Cream Powder | Ice Cream Flavours and Cones","publisher":{"@id":"https:\/\/stage.justfoodwestafrica.com\/fr\/#organization"},"potentialAction":[{"@type":"SearchAction","target":{"@type":"EntryPoint","urlTemplate":"https:\/\/stage.justfoodwestafrica.com\/fr\/?s={search_term_string}"},"query-input":"required name=search_term_string"}],"inLanguage":"fr-FR"},{"@type":"Organization","@id":"https:\/\/stage.justfoodwestafrica.com\/fr\/#organization","name":"JustFood Limited","url":"https:\/\/stage.justfoodwestafrica.com\/fr\/","logo":{"@type":"ImageObject","inLanguage":"fr-FR","@id":"https:\/\/stage.justfoodwestafrica.com\/fr\/#\/schema\/logo\/image\/","url":"http:\/\/stage.justfoodwestafrica.com\/wp-content\/uploads\/2015\/11\/JUST-FOOD-LOGO.png","contentUrl":"http:\/\/stage.justfoodwestafrica.com\/wp-content\/uploads\/2015\/11\/JUST-FOOD-LOGO.png","width":280,"height":106,"caption":"JustFood Limited"},"image":{"@id":"https:\/\/stage.justfoodwestafrica.com\/fr\/#\/schema\/logo\/image\/"},"sameAs":["http:\/\/instagram.com\/justfoodwestafrica\/","https:\/\/www.linkedin.com\/company\/justfood-limited","https:\/\/youtube.com\/channel\/UCTgkR7jzKkLMaaIEb7qNEbg","https:\/\/www.facebook.com\/justfoodwestafrica","https:\/\/twitter.com\/JUSTFOODWESTAFR"]}]}},"_links":{"self":[{"href":"https:\/\/stage.justfoodwestafrica.com\/fr\/wp-json\/wp\/v2\/pages\/6023"}],"collection":[{"href":"https:\/\/stage.justfoodwestafrica.com\/fr\/wp-json\/wp\/v2\/pages"}],"about":[{"href":"https:\/\/stage.justfoodwestafrica.com\/fr\/wp-json\/wp\/v2\/types\/page"}],"author":[{"embeddable":true,"href":"https:\/\/stage.justfoodwestafrica.com\/fr\/wp-json\/wp\/v2\/users\/1"}],"replies":[{"embeddable":true,"href":"https:\/\/stage.justfoodwestafrica.com\/fr\/wp-json\/wp\/v2\/comments?post=6023"}],"version-history":[{"count":1,"href":"https:\/\/stage.justfoodwestafrica.com\/fr\/wp-json\/wp\/v2\/pages\/6023\/revisions"}],"predecessor-version":[{"id":6024,"href":"https:\/\/stage.justfoodwestafrica.com\/fr\/wp-json\/wp\/v2\/pages\/6023\/revisions\/6024"}],"wp:attachment":[{"href":"https:\/\/stage.justfoodwestafrica.com\/fr\/wp-json\/wp\/v2\/media?parent=6023"}],"curies":[{"name":"wp","href":"https:\/\/api.w.org\/{rel}","templated":true}]}}